{"id":574,"date":"2021-03-09T13:56:22","date_gmt":"2021-03-09T13:56:22","guid":{"rendered":"http:\/\/mariuslasinskas.lt\/?page_id=574"},"modified":"2024-08-24T12:21:18","modified_gmt":"2024-08-24T12:21:18","slug":"draugai","status":"publish","type":"page","link":"https:\/\/mariuslasinskas.lt\/index.php\/draugai\/","title":{"rendered":"Draugai"},"content":{"rendered":"\n<p>\u010cia sura\u0161ysiu draugus, kurie yra specialistai savo srityse ir gali jums pad\u0117ti ten, kur a\u0161 negaliu arba tiesiog nesp\u0117ju tiek tobul\u0117ti, kad gal\u0117\u010diau visk\u0105 \u017einoti \ud83d\ude42 Pats i\u0161band\u017eiau ir rekomenduoju \u012fvairi\u0173 sri\u010di\u0173 specialistus:<\/p>\n\n\n\n<p><strong>Ignas Zakarauskas<\/strong><\/p>\n\n\n\n<p>Feldenkrais metodas, joga, kineziterapija Kaune bei visoje Lietuvoje.<br>I\u0161tverm\u0117s bei mobilumo, laikysenos lavinimas, reabilitacija, testavimas, konsultacija.<br>Asmenin\u0117s treniruot\u0117s, paskaitos bei seminarai.<br><strong><br><a href=\"http:\/\/www.ignaszakarauskas.lt\/\">www.ignaszakarauskas.lt<\/a><br><br><\/strong>El. pa\u0161tas: ignas@yogatherapy.lt<br>Tel.: 865084999<\/p>\n\n\n\n<p><\/p>\n\n\n\n<p><strong>Dalia Rukien\u0117<\/strong><\/p>\n\n\n\n<p>Fitoterapija, Kin\u0173 medicina, Tibeto medicina. \u012evairi\u0173 lektori\u0173 (V.Skirkevi\u010dius, V. Matulevi\u010di\u016bt\u0117, ir kt.) paskaitos:<\/p>\n\n\n\n<p><a href=\"http:\/\/www.amedicina.lt\"><strong>www.amedicina.lt<\/strong><\/a><\/p>\n\n\n\n<p><\/p>\n\n\n\n<p><strong>Edvardas Kazlauskis<\/strong><\/p>\n\n\n\n<p>Vaista\u017eol\u0117s, maisto papildai, konsultacijos:<\/p>\n\n\n\n<p><a href=\"https:\/\/egamtosproduktai.lt\/pages\/konsultacijos\">Konsultacijos sunki\u0173 lig\u0173 atvejais \u2013 Gamtos produktai &amp; Fitoterapijos centras (egamtosproduktai.lt)<\/a><\/p>\n\n\n\n<p><\/p>\n\n\n\n<p><strong>Prof. Dalia Sekmokien\u0117<\/strong><\/p>\n\n\n\n<p>Sveika mityba mokslinink\u0117s akimis, kin\u0173 medicina<\/p>\n\n\n\n<p><a href=\"https:\/\/www.facebook.com\/dsekmokiene\">Dalia Sekmokiene | Facebook<\/a><\/p>\n\n\n\n<p><a href=\"https:\/\/kinu-medicina.lt\/kinu-medicina\/mityba\/\">Mityba Archives &#8211; Kin\u0173-medicina.lt (kinu-medicina.lt)<\/a><\/p>\n\n\n\n<p><a href=\"https:\/\/www.youtube.com\/watch?v=xlDx8d9W1-E\">Mitybos formul\u0117 | Gydome ir tausojame vir\u0161kinimo trakt\u0105 &#8211; YouTube<\/a><\/p>\n\n\n\n<p><strong>Prof. Albertas Skurvydas<\/strong><\/p>\n\n\n\n<p>Sveikas judesys, fizinio aktyvumo svarba sveikatai mokslininko akimis<\/p>\n\n\n\n<p><a href=\"https:\/\/www.facebook.com\/albertas.skurvydas.7\/videos\/2954154448195966\">Facebook<\/a><\/p>\n\n\n\n<p><a href=\"https:\/\/www.facebook.com\/albertas.skurvydas.7\">Albertas Skurvydas | Facebook<\/a><\/p>\n\n\n\n<p><strong>Vilma Matulevi\u010di\u016bt\u0117<\/strong><\/p>\n\n\n\n<p>Fitoterapeut\u0117, nat\u016bropat\u0117<\/p>\n\n\n\n<p><a href=\"https:\/\/www.facebook.com\/vilma.matuleviciute.7\">(1) Vilma Matuleviciute | Facebook<\/a><\/p>\n\n\n\n<p><a href=\"https:\/\/www.amedicina.lt\/gydytoja-fitoterapeute-vilma-matuleviciute\/?fbclid=IwAR2p4COA5S7qsx52p8n7KSBDzpzPfy36_KkNCCSWxoTci_sgooUDVWcCHtY\">Fitoterapeut\u0117 (Medical Herbalist) Vilma Matulevi\u010di\u016bt\u0117 &#8211; Alternatyvioji medicina (amedicina.lt)<\/a><\/p>\n\n\n\n<p><strong>Giedr\u0117 Bru\u017eien\u0117<\/strong><\/p>\n\n\n\n<p>\u017dolinink\u0117<\/p>\n\n\n\n<p>Renka, augina vaista\u017eoles, sudaro vaista\u017eoli\u0173 mi\u0161inius ir kiti gamtos produktus:<\/p>\n\n\n\n<p><a href=\"https:\/\/www.facebook.com\/giedre.bruziene.3\">(7) Giedr\u0117 Bru\u017eien\u0117 | Facebook<\/a><\/p>\n\n\n\n<p><a href=\"https:\/\/www.facebook.com\/profile.php?id=100057648872046\">(7) \u017dolel\u0117s. Vir\u0161\u016bn\u0117l\u0117s ir \u0161aknel\u0117s | Facebook<\/a><\/p>\n\n\n\n<p><\/p>\n\n\n\n<p><strong>Monika Smilgyt\u0117<\/strong><\/p>\n\n\n\n<p>\u017dolinink\u0117<\/p>\n\n\n\n<p>Renka, augina vaista\u017eoles, sudaro vaista\u017eoli\u0173 mi\u0161inius ir kitus gamtos produktus:<\/p>\n\n\n\n<p><a href=\"https:\/\/www.facebook.com\/monika.smilgyte.39\">(7) Monika Smilgyte | Facebook<\/a><\/p>\n\n\n\n<p><strong>Bernedinas Mar\u010dius<\/strong><\/p>\n\n\n\n<p>\u017dolininkas<\/p>\n\n\n\n<p>Renka, augina vaista\u017eoles, konsultuoja, sudaro vaista\u017eoli\u0173 mi\u0161inius ir kitus gamtos produktus:<\/p>\n\n\n\n<p><a href=\"https:\/\/www.facebook.com\/Bernedino-%C5%BEol%C4%97s-111645073790975\">(7) Bernedino \u017eol\u0117s | Facebook<\/a><\/p>\n\n\n\n<p><strong>Bit\u0117s \u016bkis<\/strong><\/p>\n\n\n\n<p>\u017dolininkas, \u016bkininkas<\/p>\n\n\n\n<p>Renka, augina ir parduoda vaista\u017eoles: gauromet\u012f ir kitas:<\/p>\n\n\n\n<p>Facebook: Bit\u0117s \u016bkis<\/p>\n\n\n\n<p><a href=\"https:\/\/www.facebook.com\/bites.ukis\">Facebook<\/a><\/p>\n","protected":false},"excerpt":{"rendered":"<p>\u010cia sura\u0161ysiu draugus, kurie yra specialistai savo srityse ir gali jums pad\u0117ti ten, kur a\u0161 negaliu arba tiesiog nesp\u0117ju tiek tobul\u0117ti, kad gal\u0117\u010diau visk\u0105 \u017einoti \ud83d\ude42 Pats i\u0161band\u017eiau ir rekomenduoju \u012fvairi\u0173 sri\u010di\u0173 specialistus: Ignas Zakarauskas Feldenkrais metodas, joga, kineziterapija Kaune bei visoje Lietuvoje.I\u0161tverm\u0117s bei&#8230;<\/p>\n","protected":false},"author":1,"featured_media":0,"parent":0,"menu_order":0,"comment_status":"closed","ping_status":"closed","template":"","meta":{"spay_email":"","footnotes":""},"class_list":["post-574","page","type-page","status-publish","hentry"],"_links":{"self":[{"href":"https:\/\/mariuslasinskas.lt\/index.php\/wp-json\/wp\/v2\/pages\/574","targetHints":{"allow":["GET"]}}],"collection":[{"href":"https:\/\/mariuslasinskas.lt\/index.php\/wp-json\/wp\/v2\/pages"}],"about":[{"href":"https:\/\/mariuslasinskas.lt\/index.php\/wp-json\/wp\/v2\/types\/page"}],"author":[{"embeddable":true,"href":"https:\/\/mariuslasinskas.lt\/index.php\/wp-json\/wp\/v2\/users\/1"}],"replies":[{"embeddable":true,"href":"https:\/\/mariuslasinskas.lt\/index.php\/wp-json\/wp\/v2\/comments?post=574"}],"version-history":[{"count":7,"href":"https:\/\/mariuslasinskas.lt\/index.php\/wp-json\/wp\/v2\/pages\/574\/revisions"}],"predecessor-version":[{"id":684,"href":"https:\/\/mariuslasinskas.lt\/index.php\/wp-json\/wp\/v2\/pages\/574\/revisions\/684"}],"wp:attachment":[{"href":"https:\/\/mariuslasinskas.lt\/index.php\/wp-json\/wp\/v2\/media?parent=574"}],"curies":[{"name":"wp","href":"https:\/\/api.w.org\/{rel}","templated":true}]}}