{"id":384,"date":"2021-01-17T13:38:37","date_gmt":"2021-01-17T13:38:37","guid":{"rendered":"http:\/\/mariuslasinskas.lt\/?page_id=384"},"modified":"2025-08-10T14:31:27","modified_gmt":"2025-08-10T14:31:27","slug":"apie-mane","status":"publish","type":"page","link":"https:\/\/mariuslasinskas.lt\/index.php\/apie-mane\/","title":{"rendered":"Apie mane"},"content":{"rendered":"\n<p class=\"has-text-align-center\">Laba diena, <\/p>\n\n\n\n<p class=\"has-text-align-center\">A\u0161 esu dr. Marius Lasinskas vaistininkas-\u017eolininkas, VDU \u017d\u016aA d\u0117stytojas, knyg\u0173 &#8220;Vaikai vaista\u017eoli\u0173 pasaulyje&#8221; ir &#8220;Vaista\u017eoli\u0173 pasakos. Ir sveikatos receptai visai \u0161eimai&#8221; autorius, &#8220;\u017dolin\u010di\u0173 akademijos&#8221; viceprezidentas. <\/p>\n\n\n\n<p><\/p>\n\n\n\n<p class=\"has-text-align-center\">Kiekvien\u0105 dien\u0105 galvoju, kaip gal\u0117\u010diau b\u016bti naudingas \u017emon\u0117ms b\u016bti laimingesniais ir sveikesniais. Atsakym\u0173 bandau rasti gamtos ir \u017emoni\u0173 gyvenimuose. Tik gerai pa\u017eindamas vaistinius ir maistinius augalus, gal\u0117siu juos tinkamai surinkti, i\u0161d\u017eiovinti ir paruo\u0161ti vartojimui. Tik puikiai pa\u017eindamas \u017emones gal\u0117siu tuos augalus parinkti tam tikroje situacijoje esan\u010diam konkre\u010diam asmeniui. Taigi \u017eolininkas vis\u0105 gyvenim\u0105 mokosi dviej\u0173 pagrindini\u0173 dalyk\u0173: myl\u0117ti \u017emones ir gamt\u0105. Tuomet jis geriausiai gal\u0117s pad\u0117ti kitiems.<\/p>\n\n\n\n<p class=\"has-text-align-center\">K\u0105 i\u0161mokstu dalinuosi su jumis savo praktin\u0117se paskaitose, knygose, straipsniuose, vaizdo \u012fra\u0161uose, o dabar jau ir vaista\u017eoli\u0173 kursuose visoms ir visiems, kurie nori i\u0161mokti vaista\u017eoli\u0173 paslap\u010di\u0173 ir pad\u0117ti sau, ir kitiems b\u016bti sveikais ir laimingais.<\/p>\n\n\n\n<p class=\"has-text-align-center\">Tikiuosi, kad mano veikla bus naudinga jums ir j\u016bs\u0173 sveikatai.<\/p>\n\n\n\n<p class=\"has-text-align-center\">B\u016bkite sveiki ir laimingi! <\/p>\n\n\n\n<p class=\"has-text-align-right\">Vaista\u017eolininkas, lektorius dr. Marius Lasinskas<\/p>\n\n\n\n<p class=\"has-text-align-right\"><\/p>\n\n\n\n<figure class=\"wp-block-image size-large\"><img loading=\"lazy\" decoding=\"async\" width=\"791\" height=\"1024\" src=\"https:\/\/mariuslasinskas.lt\/wp-content\/uploads\/2025\/08\/Skelbimas-trumpas-kursai-Nr.-6-ruduo-1-791x1024.jpg\" alt=\"\" class=\"wp-image-715\" srcset=\"https:\/\/mariuslasinskas.lt\/wp-content\/uploads\/2025\/08\/Skelbimas-trumpas-kursai-Nr.-6-ruduo-1-791x1024.jpg 791w, https:\/\/mariuslasinskas.lt\/wp-content\/uploads\/2025\/08\/Skelbimas-trumpas-kursai-Nr.-6-ruduo-1-232x300.jpg 232w, https:\/\/mariuslasinskas.lt\/wp-content\/uploads\/2025\/08\/Skelbimas-trumpas-kursai-Nr.-6-ruduo-1-768x994.jpg 768w, https:\/\/mariuslasinskas.lt\/wp-content\/uploads\/2025\/08\/Skelbimas-trumpas-kursai-Nr.-6-ruduo-1-1187x1536.jpg 1187w, https:\/\/mariuslasinskas.lt\/wp-content\/uploads\/2025\/08\/Skelbimas-trumpas-kursai-Nr.-6-ruduo-1-495x640.jpg 495w, https:\/\/mariuslasinskas.lt\/wp-content\/uploads\/2025\/08\/Skelbimas-trumpas-kursai-Nr.-6-ruduo-1.jpg 1275w\" sizes=\"auto, (max-width: 791px) 100vw, 791px\" \/><\/figure>\n","protected":false},"excerpt":{"rendered":"<p>Laba diena, A\u0161 esu dr. Marius Lasinskas vaistininkas-\u017eolininkas, VDU \u017d\u016aA d\u0117stytojas, knyg\u0173 &#8220;Vaikai vaista\u017eoli\u0173 pasaulyje&#8221; ir &#8220;Vaista\u017eoli\u0173 pasakos. Ir sveikatos receptai visai \u0161eimai&#8221; autorius, &#8220;\u017dolin\u010di\u0173 akademijos&#8221; viceprezidentas. Kiekvien\u0105 dien\u0105 galvoju, kaip gal\u0117\u010diau b\u016bti naudingas \u017emon\u0117ms b\u016bti laimingesniais ir sveikesniais. Atsakym\u0173 bandau rasti gamtos ir&#8230;<\/p>\n","protected":false},"author":1,"featured_media":352,"parent":0,"menu_order":0,"comment_status":"closed","ping_status":"closed","template":"","meta":{"spay_email":"","footnotes":""},"class_list":["post-384","page","type-page","status-publish","has-post-thumbnail","hentry"],"_links":{"self":[{"href":"https:\/\/mariuslasinskas.lt\/index.php\/wp-json\/wp\/v2\/pages\/384","targetHints":{"allow":["GET"]}}],"collection":[{"href":"https:\/\/mariuslasinskas.lt\/index.php\/wp-json\/wp\/v2\/pages"}],"about":[{"href":"https:\/\/mariuslasinskas.lt\/index.php\/wp-json\/wp\/v2\/types\/page"}],"author":[{"embeddable":true,"href":"https:\/\/mariuslasinskas.lt\/index.php\/wp-json\/wp\/v2\/users\/1"}],"replies":[{"embeddable":true,"href":"https:\/\/mariuslasinskas.lt\/index.php\/wp-json\/wp\/v2\/comments?post=384"}],"version-history":[{"count":13,"href":"https:\/\/mariuslasinskas.lt\/index.php\/wp-json\/wp\/v2\/pages\/384\/revisions"}],"predecessor-version":[{"id":716,"href":"https:\/\/mariuslasinskas.lt\/index.php\/wp-json\/wp\/v2\/pages\/384\/revisions\/716"}],"wp:featuredmedia":[{"embeddable":true,"href":"https:\/\/mariuslasinskas.lt\/index.php\/wp-json\/wp\/v2\/media\/352"}],"wp:attachment":[{"href":"https:\/\/mariuslasinskas.lt\/index.php\/wp-json\/wp\/v2\/media?parent=384"}],"curies":[{"name":"wp","href":"https:\/\/api.w.org\/{rel}","templated":true}]}}