{"id":16,"date":"2018-08-27T12:18:48","date_gmt":"2018-08-27T12:18:48","guid":{"rendered":"http:\/\/mariuslasinskas.lt\/index.php\/contact\/"},"modified":"2025-08-10T14:15:07","modified_gmt":"2025-08-10T14:15:07","slug":"contact","status":"publish","type":"page","link":"https:\/\/mariuslasinskas.lt\/index.php\/contact\/","title":{"rendered":"Kontaktai"},"content":{"rendered":"\n<div class=\"wp-block-group is-style-default\"><div class=\"wp-block-group__inner-container is-layout-flow wp-block-group-is-layout-flow\">\n<div class=\"wp-block-columns are-vertically-aligned-center is-style-default is-layout-flex wp-container-core-columns-is-layout-9d6595d7 wp-block-columns-is-layout-flex\">\n<div class=\"wp-block-column is-vertically-aligned-center is-layout-flow wp-block-column-is-layout-flow\" style=\"flex-basis:100%\"><\/div>\n<\/div>\n<\/div><\/div>\n\n\n\n<p>El. pa\u0161tas:&nbsp;<a href=\"mailto:marius.lasinskas@gmail.com\">marius.lasinskas@gmail.com<\/a><\/p>\n\n\n\n<p>Tel.:&nbsp;<a href=\"tel:867682266\">+37067682266<\/a><\/p>\n\n\n\n<p>Facebook: Marius Lasinskas<\/p>\n\n\n\n<p>Facebook: Mariaus Lasinsko vaista\u017eoli\u0173 grup\u0117 (nemokama grup\u0117)<\/p>\n\n\n\n<p>Facebook: Mariaus Lasinsko vaista\u017eoli\u0173 kursai (nemokamas puslapis)<\/p>\n\n\n\n<p>Facebook: Vaikai vaista\u017eoli\u0173 pasaulyje<\/p>\n\n\n\n<p>Mano s\u0105skaita:<\/p>\n\n\n\n<p>Marius Lasinskas<\/p>\n\n\n\n<p>A.s. LT407300010079097986<\/p>\n\n\n\n<p>AB Swedbank<\/p>\n","protected":false},"excerpt":{"rendered":"<p>El. pa\u0161tas:&nbsp;marius.lasinskas@gmail.com Tel.:&nbsp;+37067682266 Facebook: Marius Lasinskas Facebook: Mariaus Lasinsko vaista\u017eoli\u0173 grup\u0117 (nemokama grup\u0117) Facebook: Mariaus Lasinsko vaista\u017eoli\u0173 kursai (nemokamas puslapis) Facebook: Vaikai vaista\u017eoli\u0173 pasaulyje Mano s\u0105skaita: Marius Lasinskas A.s. LT407300010079097986 AB Swedbank<\/p>\n","protected":false},"author":1,"featured_media":0,"parent":0,"menu_order":0,"comment_status":"closed","ping_status":"closed","template":"","meta":{"spay_email":"","footnotes":""},"class_list":["post-16","page","type-page","status-publish","hentry"],"_links":{"self":[{"href":"https:\/\/mariuslasinskas.lt\/index.php\/wp-json\/wp\/v2\/pages\/16","targetHints":{"allow":["GET"]}}],"collection":[{"href":"https:\/\/mariuslasinskas.lt\/index.php\/wp-json\/wp\/v2\/pages"}],"about":[{"href":"https:\/\/mariuslasinskas.lt\/index.php\/wp-json\/wp\/v2\/types\/page"}],"author":[{"embeddable":true,"href":"https:\/\/mariuslasinskas.lt\/index.php\/wp-json\/wp\/v2\/users\/1"}],"replies":[{"embeddable":true,"href":"https:\/\/mariuslasinskas.lt\/index.php\/wp-json\/wp\/v2\/comments?post=16"}],"version-history":[{"count":9,"href":"https:\/\/mariuslasinskas.lt\/index.php\/wp-json\/wp\/v2\/pages\/16\/revisions"}],"predecessor-version":[{"id":721,"href":"https:\/\/mariuslasinskas.lt\/index.php\/wp-json\/wp\/v2\/pages\/16\/revisions\/721"}],"wp:attachment":[{"href":"https:\/\/mariuslasinskas.lt\/index.php\/wp-json\/wp\/v2\/media?parent=16"}],"curies":[{"name":"wp","href":"https:\/\/api.w.org\/{rel}","templated":true}]}}